{"id":2,"date":"2016-09-17T21:13:04","date_gmt":"2016-09-17T21:13:04","guid":{"rendered":"http:\/\/www.familia-ingenbohl.ch\/?page_id=2"},"modified":"2025-01-22T09:58:27","modified_gmt":"2025-01-22T08:58:27","slug":"about","status":"publish","type":"page","link":"https:\/\/www.familia-ingenbohl.ch\/?page_id=2","title":{"rendered":"Genossenschaft"},"content":{"rendered":"\n<h2 class=\"wp-block-heading\"><strong>Mitgliedschaft \/ Anteilscheine zeichnen<\/strong><\/h2>\n\n\n\n<p>Eine Mitgliedschaft bei der Baugenossenschaft Familia Ingenbohl lohnt sich:<\/p>\n\n\n\n<ul class=\"wp-block-list\">\n<li>Sie haben eine Chance auf eine Genossenschaftswohnung<\/li>\n\n\n\n<li>Sie gestalten die Wohnpolitik in der Gemeinde Ingenbohl mit<\/li>\n\n\n\n<li>Sie investieren in spekulationsfreien Wohn- und Lebensraum<\/li>\n<\/ul>\n\n\n\n<p>Mit einer beliebigen Anzahl von Anteilscheinen \u00e0 CHF 500 werden Sie Mitglied der Baugenossenschaft Familia Ingenbohl. Als Mitglied sind Sie berechtigt, an der j\u00e4hrlich stattfindenden Generalversammlung teilzunehmen und mitzubestimmen. Die Verzinsung der Genossenschaftsanteile wird jedes Jahr an der Generalversammlung festgelegt.<\/p>\n\n\n\n<p>Das Formular <a href=\"https:\/\/www.familia-ingenbohl.ch\/wp-content\/uploads\/2024\/12\/Anteilscheine-zeichnen-2024.docx\">Anteilscheine zeichnen<\/a> herunterladen und ausgef\u00fcllt einsenden via <a href=\"https:\/\/www.familia-ingenbohl.ch\/?page_id=9\">E-Mail<\/a> oder <a href=\"https:\/\/www.familia-ingenbohl.ch\/?page_id=9\">Briefpost<\/a>.<\/p>\n\n\n\n<h2 class=\"wp-block-heading\">Organe der Genossenschaft Familia<\/h2>\n\n\n\n<ul class=\"wp-block-list\">\n<li><strong>Generalversammlung<br><\/strong>Die ordentliche Generalversammlung findet allj\u00e4hrlich im Fr\u00fchling statt.<\/li>\n<\/ul>\n\n\n\n<ul class=\"wp-block-list\">\n<li><strong>Vorstand<\/strong><br>Pr\u00e4sident Hans-Ruedi B\u00fcrki<br>Verwalter Kari B\u00fceler<br>Finanzchef&nbsp;Markus Richner<br>Bauwesen&nbsp;Ernst Stierli<br>Aktuarin&nbsp;C\u00e9line Kopp<br>Vorstandsmitglied&nbsp;Sibylle Schmid<br>Vorstandsmitglied Gion Tomaschett<\/li>\n<\/ul>\n\n\n\n<ul class=\"wp-block-list\">\n<li><strong>Revisionsstelle<br><\/strong>Inderbitzin &amp; Rissi Treuhand AG, Brunnen<\/li>\n<\/ul>\n","protected":false},"excerpt":{"rendered":"<p>Mitgliedschaft \/ Anteilscheine zeichnen Eine Mitgliedschaft bei der Baugenossenschaft Familia Ingenbohl lohnt sich: Mit einer beliebigen Anzahl von Anteilscheinen \u00e0 CHF 500 werden Sie Mitglied der Baugenossenschaft Familia Ingenbohl. Als Mitglied sind Sie berechtigt, an der j\u00e4hrlich stattfindenden Generalversammlung teilzunehmen und mitzubestimmen. Die Verzinsung der Genossenschaftsanteile wird jedes Jahr an der Generalversammlung festgelegt. Das Formular&#8230;<\/p>\n","protected":false},"author":1,"featured_media":0,"parent":0,"menu_order":0,"comment_status":"closed","ping_status":"closed","template":"page_fullwidth.php","meta":{"footnotes":""},"class_list":["post-2","page","type-page","status-publish","hentry"],"_links":{"self":[{"href":"https:\/\/www.familia-ingenbohl.ch\/index.php?rest_route=\/wp\/v2\/pages\/2","targetHints":{"allow":["GET"]}}],"collection":[{"href":"https:\/\/www.familia-ingenbohl.ch\/index.php?rest_route=\/wp\/v2\/pages"}],"about":[{"href":"https:\/\/www.familia-ingenbohl.ch\/index.php?rest_route=\/wp\/v2\/types\/page"}],"author":[{"embeddable":true,"href":"https:\/\/www.familia-ingenbohl.ch\/index.php?rest_route=\/wp\/v2\/users\/1"}],"replies":[{"embeddable":true,"href":"https:\/\/www.familia-ingenbohl.ch\/index.php?rest_route=%2Fwp%2Fv2%2Fcomments&post=2"}],"version-history":[{"count":33,"href":"https:\/\/www.familia-ingenbohl.ch\/index.php?rest_route=\/wp\/v2\/pages\/2\/revisions"}],"predecessor-version":[{"id":568,"href":"https:\/\/www.familia-ingenbohl.ch\/index.php?rest_route=\/wp\/v2\/pages\/2\/revisions\/568"}],"wp:attachment":[{"href":"https:\/\/www.familia-ingenbohl.ch\/index.php?rest_route=%2Fwp%2Fv2%2Fmedia&parent=2"}],"curies":[{"name":"wp","href":"https:\/\/api.w.org\/{rel}","templated":true}]}}